{"id":3924,"date":"2023-06-20T17:02:59","date_gmt":"2023-06-20T15:02:59","guid":{"rendered":"https:\/\/www.mobisportconcept.com\/?page_id=3924"},"modified":"2026-02-12T10:33:12","modified_gmt":"2026-02-12T09:33:12","slug":"recrutement","status":"publish","type":"page","link":"https:\/\/www.mobisportconcept.com\/en\/recrutement\/","title":{"rendered":"RECRUTEMENT"},"content":{"rendered":"\t\t<div data-elementor-type=\"wp-page\" data-elementor-id=\"3924\" class=\"elementor elementor-3924\" data-elementor-post-type=\"page\">\n\t\t\t\t<div class=\"elementor-element elementor-element-370a98d8 e-con-full elementor-hidden-widescreen elementor-hidden-desktop elementor-hidden-laptop elementor-hidden-tablet elementor-hidden-mobile e-flex e-con e-parent\" data-id=\"370a98d8\" data-element_type=\"container\" data-e-type=\"container\" data-settings=\"{&quot;background_background&quot;:&quot;classic&quot;}\">\n\t\t<div class=\"elementor-element elementor-element-88ceb1b e-flex e-con-boxed e-con e-child\" data-id=\"88ceb1b\" data-element_type=\"container\" data-e-type=\"container\">\n\t\t\t\t\t<div class=\"e-con-inner\">\n\t\t\t\t<div class=\"elementor-element elementor-element-1b7dcb61 animated-slow elementor-invisible elementor-widget elementor-widget-heading\" data-id=\"1b7dcb61\" data-element_type=\"widget\" data-e-type=\"widget\" data-settings=\"{&quot;_animation&quot;:&quot;slideInUp&quot;}\" data-widget_type=\"heading.default\">\n\t\t\t\t<div class=\"elementor-widget-container\">\n\t\t\t\t\t<h2 class=\"elementor-heading-title elementor-size-default\">Nos offres d'emploi<\/h2>\t\t\t\t<\/div>\n\t\t\t\t<\/div>\n\t\t\t\t\t<\/div>\n\t\t\t\t<\/div>\n\t\t<div class=\"elementor-element elementor-element-b522a02 e-con-full e-flex e-con e-child\" data-id=\"b522a02\" data-element_type=\"container\" data-e-type=\"container\">\n\t\t<div class=\"elementor-element elementor-element-2d315893 e-con-full e-flex e-con e-child\" data-id=\"2d315893\" data-element_type=\"container\" data-e-type=\"container\">\n\t\t\t\t<div class=\"elementor-element elementor-element-1ea32b69 elementor-widget elementor-widget-heading\" data-id=\"1ea32b69\" data-element_type=\"widget\" data-e-type=\"widget\" data-widget_type=\"heading.default\">\n\t\t\t\t<div class=\"elementor-widget-container\">\n\t\t\t\t\t<h3 class=\"elementor-heading-title elementor-size-default\">Commercial (h\/f) <\/h3>\t\t\t\t<\/div>\n\t\t\t\t<\/div>\n\t\t\t\t<div class=\"elementor-element elementor-element-b186abe elementor-widget elementor-widget-heading\" data-id=\"b186abe\" data-element_type=\"widget\" data-e-type=\"widget\" data-widget_type=\"heading.default\">\n\t\t\t\t<div class=\"elementor-widget-container\">\n\t\t\t\t\t<h2 class=\"elementor-heading-title elementor-size-default\">bouches-du-rh\u00f4ne (13)<\/h2>\t\t\t\t<\/div>\n\t\t\t\t<\/div>\n\t\t\t\t<div class=\"elementor-element elementor-element-20122bd elementor-widget-divider--view-line elementor-widget elementor-widget-divider\" data-id=\"20122bd\" data-element_type=\"widget\" data-e-type=\"widget\" data-widget_type=\"divider.default\">\n\t\t\t\t<div class=\"elementor-widget-container\">\n\t\t\t\t\t\t\t<div class=\"elementor-divider\">\n\t\t\t<span class=\"elementor-divider-separator\">\n\t\t\t\t\t\t<\/span>\n\t\t<\/div>\n\t\t\t\t\t\t<\/div>\n\t\t\t\t<\/div>\n\t\t\t\t<div class=\"elementor-element elementor-element-a43d6c1 elementor-position-top elementor-widget elementor-widget-image-box\" data-id=\"a43d6c1\" data-element_type=\"widget\" data-e-type=\"widget\" data-widget_type=\"image-box.default\">\n\t\t\t\t<div class=\"elementor-widget-container\">\n\t\t\t\t\t<div class=\"elementor-image-box-wrapper\"><figure class=\"elementor-image-box-img\"><img decoding=\"async\" width=\"150\" height=\"150\" src=\"https:\/\/www.mobisportconcept.com\/wp-content\/uploads\/2022\/05\/MONOGRAM-WHITE-MOBISPORT-LOGO-copie-5-150x150.png\" class=\"attachment-thumbnail size-thumbnail wp-image-5112\" alt=\"\" srcset=\"https:\/\/www.mobisportconcept.com\/wp-content\/uploads\/2022\/05\/MONOGRAM-WHITE-MOBISPORT-LOGO-copie-5-150x150.png 150w, https:\/\/www.mobisportconcept.com\/wp-content\/uploads\/2022\/05\/MONOGRAM-WHITE-MOBISPORT-LOGO-copie-5-600x600.png 600w, https:\/\/www.mobisportconcept.com\/wp-content\/uploads\/2022\/05\/elementor\/thumbs\/MONOGRAM-WHITE-MOBISPORT-LOGO-copie-5-r66p4whz9jkqv3q2epf8ksvthe380aki54th1gns6s.png 50w\" sizes=\"(max-width: 150px) 100vw, 150px\" \/><\/figure><div class=\"elementor-image-box-content\"><p class=\"elementor-image-box-description\">Dans le cadre de son d\u00e9veloppement, Mobisport Concept, Grand prix de l'innovation en 2017 et Fournisseur Officiel de la F\u00e9d\u00e9ration Fran\u00e7aise de Tennis recrute des talents commerciaux.\n<br><br>\nL'activit\u00e9 de Mobisport Concept est la mise en relation des annonceurs locaux avec les pratiquants de tennis qui constituent une cible \u00e0 la fois qualitative et quantitative.<br>\n\nVous avez la fibre commerciale et vendre de la publicit\u00e9 locale dans le sport vous int\u00e9resse.<br><br>\n\nVos missions : prospecter des entreprises pour leur proposer de la vente de publicit\u00e9 extr\u00eamement qualitative, innovante &amp; diff\u00e9renciante aupr\u00e8s d'une cible CSP+\n\nR\u00e9mun\u00e9ration attractive : Salaire fixe + variable (non plafonn\u00e9)<\/p><\/div><\/div>\t\t\t\t<\/div>\n\t\t\t\t<\/div>\n\t\t\t\t<div class=\"elementor-element elementor-element-05b866a elementor-align-center elementor-widget elementor-widget-button\" data-id=\"05b866a\" data-element_type=\"widget\" data-e-type=\"widget\" data-widget_type=\"button.default\">\n\t\t\t\t<div class=\"elementor-widget-container\">\n\t\t\t\t\t\t\t\t\t<div class=\"elementor-button-wrapper\">\n\t\t\t\t\t<a class=\"elementor-button elementor-button-link elementor-size-sm\" href=\"https:\/\/www.mobisportconcept.com\/canditature-commercial\/\">\n\t\t\t\t\t\t<span class=\"elementor-button-content-wrapper\">\n\t\t\t\t\t\t\t\t\t<span class=\"elementor-button-text\">POSTULER<\/span>\n\t\t\t\t\t<\/span>\n\t\t\t\t\t<\/a>\n\t\t\t\t<\/div>\n\t\t\t\t\t\t\t\t<\/div>\n\t\t\t\t<\/div>\n\t\t\t\t<\/div>\n\t\t<div class=\"elementor-element elementor-element-7eecf045 e-con-full e-flex e-con e-child\" data-id=\"7eecf045\" data-element_type=\"container\" data-e-type=\"container\">\n\t\t\t\t<div class=\"elementor-element elementor-element-7844101d elementor-widget elementor-widget-heading\" data-id=\"7844101d\" data-element_type=\"widget\" data-e-type=\"widget\" data-widget_type=\"heading.default\">\n\t\t\t\t<div class=\"elementor-widget-container\">\n\t\t\t\t\t<h3 class=\"elementor-heading-title elementor-size-default\">Commercial (h\/f) <\/h3>\t\t\t\t<\/div>\n\t\t\t\t<\/div>\n\t\t\t\t<div class=\"elementor-element elementor-element-aeb0736 elementor-widget elementor-widget-heading\" data-id=\"aeb0736\" data-element_type=\"widget\" data-e-type=\"widget\" data-widget_type=\"heading.default\">\n\t\t\t\t<div class=\"elementor-widget-container\">\n\t\t\t\t\t<h2 class=\"elementor-heading-title elementor-size-default\">Gironde (33)<\/h2>\t\t\t\t<\/div>\n\t\t\t\t<\/div>\n\t\t\t\t<div class=\"elementor-element elementor-element-208de0b elementor-widget-divider--view-line elementor-widget elementor-widget-divider\" data-id=\"208de0b\" data-element_type=\"widget\" data-e-type=\"widget\" data-widget_type=\"divider.default\">\n\t\t\t\t<div class=\"elementor-widget-container\">\n\t\t\t\t\t\t\t<div class=\"elementor-divider\">\n\t\t\t<span class=\"elementor-divider-separator\">\n\t\t\t\t\t\t<\/span>\n\t\t<\/div>\n\t\t\t\t\t\t<\/div>\n\t\t\t\t<\/div>\n\t\t\t\t<div class=\"elementor-element elementor-element-e528c64 elementor-position-top elementor-widget elementor-widget-image-box\" data-id=\"e528c64\" data-element_type=\"widget\" data-e-type=\"widget\" data-widget_type=\"image-box.default\">\n\t\t\t\t<div class=\"elementor-widget-container\">\n\t\t\t\t\t<div class=\"elementor-image-box-wrapper\"><figure class=\"elementor-image-box-img\"><img decoding=\"async\" width=\"150\" height=\"150\" src=\"https:\/\/www.mobisportconcept.com\/wp-content\/uploads\/2022\/05\/MONOGRAM-WHITE-MOBISPORT-LOGO-copie-5-150x150.png\" class=\"attachment-thumbnail size-thumbnail wp-image-5112\" alt=\"\" srcset=\"https:\/\/www.mobisportconcept.com\/wp-content\/uploads\/2022\/05\/MONOGRAM-WHITE-MOBISPORT-LOGO-copie-5-150x150.png 150w, https:\/\/www.mobisportconcept.com\/wp-content\/uploads\/2022\/05\/MONOGRAM-WHITE-MOBISPORT-LOGO-copie-5-600x600.png 600w, https:\/\/www.mobisportconcept.com\/wp-content\/uploads\/2022\/05\/elementor\/thumbs\/MONOGRAM-WHITE-MOBISPORT-LOGO-copie-5-r66p4whz9jkqv3q2epf8ksvthe380aki54th1gns6s.png 50w\" sizes=\"(max-width: 150px) 100vw, 150px\" \/><\/figure><div class=\"elementor-image-box-content\"><p class=\"elementor-image-box-description\">Dans le cadre de son d\u00e9veloppement, Mobisport Concept, Grand prix de l'innovation en 2017 et Fournisseur Officiel de la F\u00e9d\u00e9ration Fran\u00e7aise de Tennis recrute des talents commerciaux.\n<br><br>\nL'activit\u00e9 de Mobisport Concept est la mise en relation des annonceurs locaux avec les pratiquants de tennis qui constituent une cible \u00e0 la fois qualitative et quantitative.<br>\n\nVous avez la fibre commerciale et vendre de la publicit\u00e9 locale dans le sport vous int\u00e9resse.<br><br>\n\nVos missions : prospecter des entreprises pour leur proposer de la vente de publicit\u00e9 extr\u00eamement qualitative, innovante &amp; diff\u00e9renciante aupr\u00e8s d'une cible CSP+\n\nR\u00e9mun\u00e9ration attractive : Salaire fixe + variable (non plafonn\u00e9)<\/p><\/div><\/div>\t\t\t\t<\/div>\n\t\t\t\t<\/div>\n\t\t\t\t<div class=\"elementor-element elementor-element-08790e4 elementor-align-center elementor-widget elementor-widget-button\" data-id=\"08790e4\" data-element_type=\"widget\" data-e-type=\"widget\" data-widget_type=\"button.default\">\n\t\t\t\t<div class=\"elementor-widget-container\">\n\t\t\t\t\t\t\t\t\t<div class=\"elementor-button-wrapper\">\n\t\t\t\t\t<a class=\"elementor-button elementor-button-link elementor-size-sm\" href=\"https:\/\/www.mobisportconcept.com\/canditature-commercial\/\">\n\t\t\t\t\t\t<span class=\"elementor-button-content-wrapper\">\n\t\t\t\t\t\t\t\t\t<span class=\"elementor-button-text\">POSTULER<\/span>\n\t\t\t\t\t<\/span>\n\t\t\t\t\t<\/a>\n\t\t\t\t<\/div>\n\t\t\t\t\t\t\t\t<\/div>\n\t\t\t\t<\/div>\n\t\t\t\t<\/div>\n\t\t<div class=\"elementor-element elementor-element-4560928a e-con-full e-flex e-con e-child\" data-id=\"4560928a\" data-element_type=\"container\" data-e-type=\"container\">\n\t\t\t\t<div class=\"elementor-element elementor-element-64d6c475 elementor-widget elementor-widget-heading\" data-id=\"64d6c475\" data-element_type=\"widget\" data-e-type=\"widget\" data-widget_type=\"heading.default\">\n\t\t\t\t<div class=\"elementor-widget-container\">\n\t\t\t\t\t<h3 class=\"elementor-heading-title elementor-size-default\">Commercial (h\/f) <\/h3>\t\t\t\t<\/div>\n\t\t\t\t<\/div>\n\t\t\t\t<div class=\"elementor-element elementor-element-e1dd4fe elementor-widget elementor-widget-heading\" data-id=\"e1dd4fe\" data-element_type=\"widget\" data-e-type=\"widget\" data-widget_type=\"heading.default\">\n\t\t\t\t<div class=\"elementor-widget-container\">\n\t\t\t\t\t<h2 class=\"elementor-heading-title elementor-size-default\">Paris (75)<\/h2>\t\t\t\t<\/div>\n\t\t\t\t<\/div>\n\t\t\t\t<div class=\"elementor-element elementor-element-8757155 elementor-widget-divider--view-line elementor-widget elementor-widget-divider\" data-id=\"8757155\" data-element_type=\"widget\" data-e-type=\"widget\" data-widget_type=\"divider.default\">\n\t\t\t\t<div class=\"elementor-widget-container\">\n\t\t\t\t\t\t\t<div class=\"elementor-divider\">\n\t\t\t<span class=\"elementor-divider-separator\">\n\t\t\t\t\t\t<\/span>\n\t\t<\/div>\n\t\t\t\t\t\t<\/div>\n\t\t\t\t<\/div>\n\t\t\t\t<div class=\"elementor-element elementor-element-6db25d9 elementor-position-top elementor-widget elementor-widget-image-box\" data-id=\"6db25d9\" data-element_type=\"widget\" data-e-type=\"widget\" data-widget_type=\"image-box.default\">\n\t\t\t\t<div class=\"elementor-widget-container\">\n\t\t\t\t\t<div class=\"elementor-image-box-wrapper\"><figure class=\"elementor-image-box-img\"><img decoding=\"async\" width=\"150\" height=\"150\" src=\"https:\/\/www.mobisportconcept.com\/wp-content\/uploads\/2022\/05\/MONOGRAM-WHITE-MOBISPORT-LOGO-copie-5-150x150.png\" class=\"attachment-thumbnail size-thumbnail wp-image-5112\" alt=\"\" srcset=\"https:\/\/www.mobisportconcept.com\/wp-content\/uploads\/2022\/05\/MONOGRAM-WHITE-MOBISPORT-LOGO-copie-5-150x150.png 150w, https:\/\/www.mobisportconcept.com\/wp-content\/uploads\/2022\/05\/MONOGRAM-WHITE-MOBISPORT-LOGO-copie-5-600x600.png 600w, https:\/\/www.mobisportconcept.com\/wp-content\/uploads\/2022\/05\/elementor\/thumbs\/MONOGRAM-WHITE-MOBISPORT-LOGO-copie-5-r66p4whz9jkqv3q2epf8ksvthe380aki54th1gns6s.png 50w\" sizes=\"(max-width: 150px) 100vw, 150px\" \/><\/figure><div class=\"elementor-image-box-content\"><p class=\"elementor-image-box-description\">Dans le cadre de son d\u00e9veloppement, Mobisport Concept, Grand prix de l'innovation en 2017 et Fournisseur Officiel de la F\u00e9d\u00e9ration Fran\u00e7aise de Tennis recrute des talents commerciaux.\n<br><br>\nL'activit\u00e9 de Mobisport Concept est la mise en relation des annonceurs locaux avec les pratiquants de tennis qui constituent une cible \u00e0 la fois qualitative et quantitative.<br>\n\nVous avez la fibre commerciale et vendre de la publicit\u00e9 locale dans le sport vous int\u00e9resse.<br><br>\n\nVos missions : prospecter des entreprises pour leur proposer de la vente de publicit\u00e9 extr\u00eamement qualitative, innovante &amp; diff\u00e9renciante aupr\u00e8s d'une cible CSP+\n\nR\u00e9mun\u00e9ration attractive : Salaire fixe + variable (non plafonn\u00e9)<\/p><\/div><\/div>\t\t\t\t<\/div>\n\t\t\t\t<\/div>\n\t\t\t\t<div class=\"elementor-element elementor-element-3da6c29 elementor-align-center elementor-widget elementor-widget-button\" data-id=\"3da6c29\" data-element_type=\"widget\" data-e-type=\"widget\" data-widget_type=\"button.default\">\n\t\t\t\t<div class=\"elementor-widget-container\">\n\t\t\t\t\t\t\t\t\t<div class=\"elementor-button-wrapper\">\n\t\t\t\t\t<a class=\"elementor-button elementor-button-link elementor-size-sm\" href=\"https:\/\/www.mobisportconcept.com\/canditature-commercial\/\">\n\t\t\t\t\t\t<span class=\"elementor-button-content-wrapper\">\n\t\t\t\t\t\t\t\t\t<span class=\"elementor-button-text\">POSTULER<\/span>\n\t\t\t\t\t<\/span>\n\t\t\t\t\t<\/a>\n\t\t\t\t<\/div>\n\t\t\t\t\t\t\t\t<\/div>\n\t\t\t\t<\/div>\n\t\t\t\t<\/div>\n\t\t\t\t<\/div>\n\t\t\t\t<\/div>\n\t\t<div class=\"elementor-element elementor-element-cff5df0 e-flex e-con-boxed e-con e-parent\" data-id=\"cff5df0\" data-element_type=\"container\" data-e-type=\"container\">\n\t\t\t\t\t<div class=\"e-con-inner\">\n\t\t\t\t<div class=\"elementor-element elementor-element-33e9125 elementor-widget elementor-widget-spacer\" data-id=\"33e9125\" data-element_type=\"widget\" data-e-type=\"widget\" data-widget_type=\"spacer.default\">\n\t\t\t\t<div class=\"elementor-widget-container\">\n\t\t\t\t\t\t\t<div class=\"elementor-spacer\">\n\t\t\t<div class=\"elementor-spacer-inner\"><\/div>\n\t\t<\/div>\n\t\t\t\t\t\t<\/div>\n\t\t\t\t<\/div>\n\t\t\t\t\t<\/div>\n\t\t\t\t<\/div>\n\t\t<div class=\"elementor-element elementor-element-f0e3b27 e-flex e-con-boxed e-con e-parent\" data-id=\"f0e3b27\" data-element_type=\"container\" data-e-type=\"container\">\n\t\t\t\t\t<div class=\"e-con-inner\">\n\t\t\t\t<div class=\"elementor-element elementor-element-c40ed84 animated-slow elementor-invisible elementor-widget elementor-widget-heading\" data-id=\"c40ed84\" data-element_type=\"widget\" data-e-type=\"widget\" data-settings=\"{&quot;_animation&quot;:&quot;slideInUp&quot;}\" data-widget_type=\"heading.default\">\n\t\t\t\t<div class=\"elementor-widget-container\">\n\t\t\t\t\t<h2 class=\"elementor-heading-title elementor-size-default\">CANDIDATURE SPONTAN\u00c9E<\/h2>\t\t\t\t<\/div>\n\t\t\t\t<\/div>\n\t\t\t\t\t<\/div>\n\t\t\t\t<\/div>\n\t\t<div class=\"elementor-element elementor-element-7a976e4 e-flex e-con-boxed e-con e-parent\" data-id=\"7a976e4\" data-element_type=\"container\" data-e-type=\"container\">\n\t\t\t\t\t<div class=\"e-con-inner\">\n\t\t\t\t<div class=\"elementor-element elementor-element-8592d36 elementor-button-align-center elementor-widget elementor-widget-form\" data-id=\"8592d36\" data-element_type=\"widget\" data-e-type=\"widget\" data-settings=\"{&quot;step_next_label&quot;:&quot;Suivant&quot;,&quot;step_previous_label&quot;:&quot;Pr\\u00e9c\\u00e9dent&quot;,&quot;button_width&quot;:&quot;100&quot;,&quot;step_type&quot;:&quot;number_text&quot;,&quot;step_icon_shape&quot;:&quot;circle&quot;}\" data-widget_type=\"form.default\">\n\t\t\t\t<div class=\"elementor-widget-container\">\n\t\t\t\t\t\t\t<form class=\"elementor-form\" method=\"post\" id=\"Formulaire_contact\" name=\"FORMULAIRE candidature spontan\u00e9e\" aria-label=\"FORMULAIRE candidature spontan\u00e9e\">\n\t\t\t<input type=\"hidden\" name=\"post_id\" value=\"3924\"\/>\n\t\t\t<input type=\"hidden\" name=\"form_id\" value=\"8592d36\"\/>\n\t\t\t<input type=\"hidden\" name=\"referer_title\" value=\"\" \/>\n\n\t\t\t\n\t\t\t<div class=\"elementor-form-fields-wrapper elementor-labels-above\">\n\t\t\t\t\t\t\t\t<div class=\"elementor-field-type-text elementor-field-group elementor-column elementor-field-group-field_436f233 elementor-col-50 elementor-field-required\">\n\t\t\t\t\t\t\t\t\t\t\t\t<label for=\"form-field-field_436f233\" class=\"elementor-field-label\">\n\t\t\t\t\t\t\t\tNom Pr\u00e9nom\t\t\t\t\t\t\t<\/label>\n\t\t\t\t\t\t\t\t\t\t\t\t\t\t<input size=\"1\" type=\"text\" name=\"form_fields[field_436f233]\" id=\"form-field-field_436f233\" class=\"elementor-field elementor-size-md  elementor-field-textual\" required=\"required\">\n\t\t\t\t\t\t\t\t\t\t\t<\/div>\n\t\t\t\t\t\t\t\t<div class=\"elementor-field-type-tel elementor-field-group elementor-column elementor-field-group-field_13f8176 elementor-col-50 elementor-field-required\">\n\t\t\t\t\t\t\t\t\t\t\t\t<label for=\"form-field-field_13f8176\" class=\"elementor-field-label\">\n\t\t\t\t\t\t\t\tT\u00e9l\u00e9phone\t\t\t\t\t\t\t<\/label>\n\t\t\t\t\t\t\t\t<input size=\"1\" type=\"tel\" name=\"form_fields[field_13f8176]\" id=\"form-field-field_13f8176\" class=\"elementor-field elementor-size-md  elementor-field-textual\" required=\"required\" pattern=\"[0-9()#&amp;+*-=.]+\" title=\"Only numbers and phone characters (#, -, *, etc) are accepted.\">\n\n\t\t\t\t\t\t<\/div>\n\t\t\t\t\t\t\t\t<div class=\"elementor-field-type-email elementor-field-group elementor-column elementor-field-group-email elementor-col-50 elementor-field-required\">\n\t\t\t\t\t\t\t\t\t\t\t\t<label for=\"form-field-email\" class=\"elementor-field-label\">\n\t\t\t\t\t\t\t\tE-mail\t\t\t\t\t\t\t<\/label>\n\t\t\t\t\t\t\t\t\t\t\t\t\t\t<input size=\"1\" type=\"email\" name=\"form_fields[email]\" id=\"form-field-email\" class=\"elementor-field elementor-size-md  elementor-field-textual\" required=\"required\">\n\t\t\t\t\t\t\t\t\t\t\t<\/div>\n\t\t\t\t\t\t\t\t<div class=\"elementor-field-type-text elementor-field-group elementor-column elementor-field-group-field_ab40bf7 elementor-col-50 elementor-field-required\">\n\t\t\t\t\t\t\t\t\t\t\t\t<label for=\"form-field-field_ab40bf7\" class=\"elementor-field-label\">\n\t\t\t\t\t\t\t\tVille\t\t\t\t\t\t\t<\/label>\n\t\t\t\t\t\t\t\t\t\t\t\t\t\t<input size=\"1\" type=\"text\" name=\"form_fields[field_ab40bf7]\" id=\"form-field-field_ab40bf7\" class=\"elementor-field elementor-size-md  elementor-field-textual\" required=\"required\">\n\t\t\t\t\t\t\t\t\t\t\t<\/div>\n\t\t\t\t\t\t\t\t<div class=\"elementor-field-type-upload elementor-field-group elementor-column elementor-field-group-field_8fc8fef elementor-col-50 elementor-field-required\">\n\t\t\t\t\t\t\t\t\t\t\t\t<label for=\"form-field-field_8fc8fef\" class=\"elementor-field-label\">\n\t\t\t\t\t\t\t\tCV \t\t\t\t\t\t\t<\/label>\n\t\t\t\t\t\t\t\t<input type=\"file\" name=\"form_fields[field_8fc8fef]\" id=\"form-field-field_8fc8fef\" class=\"elementor-field elementor-size-md  elementor-upload-field\" required=\"required\">\n\n\t\t\t\t\t\t<\/div>\n\t\t\t\t\t\t\t\t<div class=\"elementor-field-type-upload elementor-field-group elementor-column elementor-field-group-field_da5d83f elementor-col-50 elementor-field-required\">\n\t\t\t\t\t\t\t\t\t\t\t\t<label for=\"form-field-field_da5d83f\" class=\"elementor-field-label\">\n\t\t\t\t\t\t\t\tLETTRE DE MOTIVATION\t\t\t\t\t\t\t<\/label>\n\t\t\t\t\t\t\t\t<input type=\"file\" name=\"form_fields[field_da5d83f]\" id=\"form-field-field_da5d83f\" class=\"elementor-field elementor-size-md  elementor-upload-field\" required=\"required\">\n\n\t\t\t\t\t\t<\/div>\n\t\t\t\t\t\t\t\t<div class=\"elementor-field-type-recaptcha elementor-field-group elementor-column elementor-field-group-field_609d2e2 elementor-col-100\">\n\t\t\t\t\t<div class=\"elementor-field\" id=\"form-field-field_609d2e2\"><div class=\"elementor-g-recaptcha\" data-sitekey=\"6Ldk2DUlAAAAAGvn0UcErMMUe2UziOjj1B5vDDAt\" data-type=\"v2_checkbox\" data-theme=\"dark\" data-size=\"normal\"><\/div><\/div>\t\t\t\t<\/div>\n\t\t\t\t\t\t\t\t<div class=\"elementor-field-group elementor-column elementor-field-type-submit elementor-col-100 e-form__buttons\">\n\t\t\t\t\t<button class=\"elementor-button elementor-size-sm\" type=\"submit\">\n\t\t\t\t\t\t<span class=\"elementor-button-content-wrapper\">\n\t\t\t\t\t\t\t\t\t\t\t\t\t\t\t\t\t\t\t\t\t\t<span class=\"elementor-button-text\">Envoyer<\/span>\n\t\t\t\t\t\t\t\t\t\t\t\t\t<\/span>\n\t\t\t\t\t<\/button>\n\t\t\t\t<\/div>\n\t\t\t<\/div>\n\t\t<\/form>\n\t\t\t\t\t\t<\/div>\n\t\t\t\t<\/div>\n\t\t\t\t\t<\/div>\n\t\t\t\t<\/div>\n\t\t\t\t<\/div>\n\t\t","protected":false},"excerpt":{"rendered":"<p>Nos offres d&#8217;emploi Commercial (h\/f) bouches-du-rh\u00f4ne (13) Dans le cadre de son d\u00e9veloppement, Mobisport Concept, Grand prix de l&rsquo;innovation en 2017 et Fournisseur Officiel de la F\u00e9d\u00e9ration Fran\u00e7aise de Tennis recrute des talents commerciaux. L&rsquo;activit\u00e9 de Mobisport Concept est la mise en relation des annonceurs locaux avec les pratiquants de tennis qui constituent une cible [&hellip;]<\/p>\n","protected":false},"author":1,"featured_media":0,"parent":0,"menu_order":0,"comment_status":"closed","ping_status":"closed","template":"elementor_header_footer","meta":{"_monsterinsights_skip_tracking":false,"_monsterinsights_sitenote_active":false,"_monsterinsights_sitenote_note":"","_monsterinsights_sitenote_category":0,"footnotes":""},"class_list":["post-3924","page","type-page","status-publish","hentry","entry"],"_links":{"self":[{"href":"https:\/\/www.mobisportconcept.com\/en\/wp-json\/wp\/v2\/pages\/3924","targetHints":{"allow":["GET"]}}],"collection":[{"href":"https:\/\/www.mobisportconcept.com\/en\/wp-json\/wp\/v2\/pages"}],"about":[{"href":"https:\/\/www.mobisportconcept.com\/en\/wp-json\/wp\/v2\/types\/page"}],"author":[{"embeddable":true,"href":"https:\/\/www.mobisportconcept.com\/en\/wp-json\/wp\/v2\/users\/1"}],"replies":[{"embeddable":true,"href":"https:\/\/www.mobisportconcept.com\/en\/wp-json\/wp\/v2\/comments?post=3924"}],"version-history":[{"count":11,"href":"https:\/\/www.mobisportconcept.com\/en\/wp-json\/wp\/v2\/pages\/3924\/revisions"}],"predecessor-version":[{"id":5407,"href":"https:\/\/www.mobisportconcept.com\/en\/wp-json\/wp\/v2\/pages\/3924\/revisions\/5407"}],"wp:attachment":[{"href":"https:\/\/www.mobisportconcept.com\/en\/wp-json\/wp\/v2\/media?parent=3924"}],"curies":[{"name":"wp","href":"https:\/\/api.w.org\/{rel}","templated":true}]}}